{"id":1855,"date":"2023-08-12T08:05:24","date_gmt":"2023-08-12T06:05:24","guid":{"rendered":"https:\/\/www.hausfrauen-sextreffen.com\/kontaktanzeige\/?page_id=1855"},"modified":"2023-08-12T08:05:24","modified_gmt":"2023-08-12T06:05:24","slug":"staedteuebersicht","status":"publish","type":"page","link":"https:\/\/www.hausfrauen-sextreffen.com\/kontaktanzeige\/staedteuebersicht\/","title":{"rendered":"St\u00e4dte\u00fcbersicht"},"content":{"rendered":"<p style=\"text-align: center;\"><strong><a href=\"https:\/\/www.hausfrauen-sextreffen.com\/staedte-mit-a\">A<\/a>|<a href=\"https:\/\/www.hausfrauen-sextreffen.com\/staedte-mit-b\">B<\/a>|<a href=\"https:\/\/www.hausfrauen-sextreffen.com\/staedte-mit-c\">C<\/a>|<a href=\"https:\/\/www.hausfrauen-sextreffen.com\/staedte-mit-d\">D<\/a>|<a href=\"https:\/\/www.hausfrauen-sextreffen.com\/staedte-mit-e\">E<\/a>|<a href=\"https:\/\/www.hausfrauen-sextreffen.com\/staedte-mit-f\">F<\/a>|<a href=\"https:\/\/www.hausfrauen-sextreffen.com\/staedte-mit-g\">G<\/a>|<a href=\"https:\/\/www.hausfrauen-sextreffen.com\/staedte-mit-h\">H<\/a>|<a href=\"https:\/\/www.hausfrauen-sextreffen.com\/staedte-mit-i\">I<\/a>|<a href=\"https:\/\/www.hausfrauen-sextreffen.com\/staedte-mit-j\">J<\/a>|<a href=\"https:\/\/www.hausfrauen-sextreffen.com\/staedte-mit-k\">K<\/a>|<a href=\"https:\/\/www.hausfrauen-sextreffen.com\/staedte-mit-l\">L<\/a>|<a href=\"https:\/\/www.hausfrauen-sextreffen.com\/staedte-mit-m\">M<\/a>|<a href=\"https:\/\/www.hausfrauen-sextreffen.com\/staedte-mit-n\">N<\/a>|<a href=\"https:\/\/www.hausfrauen-sextreffen.com\/staedte-mit-o\">O<\/a>|<a href=\"https:\/\/www.hausfrauen-sextreffen.com\/staedte-mit-p\">P<\/a>|<a href=\"https:\/\/www.hausfrauen-sextreffen.com\/staedte-mit-q\">Q<\/a>|<a href=\"https:\/\/www.hausfrauen-sextreffen.com\/staedte-mit-r\">R<\/a>|<a href=\"https:\/\/www.hausfrauen-sextreffen.com\/staedte-mit-s\">S<\/a>|<a href=\"https:\/\/www.hausfrauen-sextreffen.com\/staedte-mit-t\">T<\/a>|<a href=\"https:\/\/www.hausfrauen-sextreffen.com\/staedte-mit-u\">U<\/a>|<a href=\"https:\/\/www.hausfrauen-sextreffen.com\/staedte-mit-v\">V<\/a>|<a href=\"https:\/\/www.hausfrauen-sextreffen.com\/staedte-mit-w\">W<\/a>|<a href=\"https:\/\/www.hausfrauen-sextreffen.com\/staedte-mit-x\">X<\/a>|<a href=\"https:\/\/www.hausfrauen-sextreffen.com\/staedte-mit-y\">Y<\/a>|<a href=\"https:\/\/www.hausfrauen-sextreffen.com\/staedte-mit-z\">Z<\/a><\/strong><\/p>\n<h3>Deutschland &#8211; Alle Bundesl\u00e4nder<\/h3>\n<div class=\"su-row\"><div class=\"su-column su-column-size-1-3\"><div class=\"su-column-inner su-u-clearfix su-u-trim\">\n<ul>\n<li><a href=\"https:\/\/www.hausfrauen-sextreffen.com\/baden-wuerttemberg\/\">Baden-W\u00fcrttemberg<\/a><\/li>\n<li><a href=\"https:\/\/www.hausfrauen-sextreffen.com\/bayern\/\">Bayern<\/a><\/li>\n<li><a href=\"https:\/\/www.hausfrauen-sextreffen.com\/berlin\/\">Berlin<\/a><\/li>\n<li><a href=\"https:\/\/www.hausfrauen-sextreffen.com\/brandenburg\/\">Brandenburg<\/a><\/li>\n<li><a href=\"https:\/\/www.hausfrauen-sextreffen.com\/bremen\/\">Bremen<\/a><\/li>\n<li><a href=\"https:\/\/www.hausfrauen-sextreffen.com\/hamburg\/\">Hamburg<\/a><\/li>\n<\/ul>\n<\/div><\/div>\n<div class=\"su-column su-column-size-1-3\"><div class=\"su-column-inner su-u-clearfix su-u-trim\">\n<ul>\n<li><a href=\"https:\/\/www.hausfrauen-sextreffen.com\/hessen\/\">Hessen<\/a><\/li>\n<li><a href=\"https:\/\/www.hausfrauen-sextreffen.com\/mecklenburg-vorpommern\/\">Mecklenburg-Vorpommern<\/a><\/li>\n<li><a href=\"https:\/\/www.hausfrauen-sextreffen.com\/niedersachsen\/\">Niedersachsen<\/a><\/li>\n<li><a href=\"https:\/\/www.hausfrauen-sextreffen.com\/nordrhein-westfalen\/\">Nordrhein-Westfalen<\/a><\/li>\n<li><a href=\"https:\/\/www.hausfrauen-sextreffen.com\/rheinland-pfalz\/\">Rheinland-Pfalz<\/a><\/li>\n<li><a href=\"https:\/\/www.hausfrauen-sextreffen.com\/saarland\/\">Saarland<\/a><\/li>\n<\/ul>\n<\/div><\/div>\n<div class=\"su-column su-column-size-1-3\"><div class=\"su-column-inner su-u-clearfix su-u-trim\">\n<ul>\n<li><a href=\"https:\/\/www.hausfrauen-sextreffen.com\/sachsen\/\">Sachsen<\/a><\/li>\n<li><a href=\"https:\/\/www.hausfrauen-sextreffen.com\/sachsen-anhalt\/\">Sachsen-Anhalt<\/a><\/li>\n<li><a href=\"https:\/\/www.hausfrauen-sextreffen.com\/schleswig-holstein\/\">Schleswig-Holstein<\/a><\/li>\n<li><a href=\"https:\/\/www.hausfrauen-sextreffen.com\/thueringen\/\">Th\u00fcringen<\/a><\/li>\n<\/ul>\n<\/div><\/div><\/div>\n<h3>\u00d6sterreich &#8211; Alle Bundesl\u00e4nder<\/h3>\n<div class=\"su-row\"><div class=\"su-column su-column-size-1-3\"><div class=\"su-column-inner su-u-clearfix su-u-trim\">\n<ul>\n<li><a href=\"https:\/\/www.hausfrauen-sextreffen.com\/burgenland\/\">Burgenland<\/a><\/li>\n<li><a href=\"https:\/\/www.hausfrauen-sextreffen.com\/kaernten\/\">K\u00e4rnten<\/a><\/li>\n<li><a href=\"https:\/\/www.hausfrauen-sextreffen.com\/niederoesterreich\/\">Nieder\u00f6sterreich<\/a><\/li>\n<\/ul>\n<\/div><\/div>\n<div class=\"su-column su-column-size-1-3\"><div class=\"su-column-inner su-u-clearfix su-u-trim\">\n<ul>\n<li><a href=\"https:\/\/www.hausfrauen-sextreffen.com\/oberoesterreich\/\">Ober\u00f6sterreich<\/a><\/li>\n<li><a href=\"https:\/\/www.hausfrauen-sextreffen.com\/salzburg\/\">Salzburg<\/a><\/li>\n<li><a href=\"https:\/\/www.hausfrauen-sextreffen.com\/steiermark\/\">Steiermark<\/a><\/li>\n<\/ul>\n<\/div><\/div>\n<div class=\"su-column su-column-size-1-3\"><div class=\"su-column-inner su-u-clearfix su-u-trim\">\n<ul>\n<li><a href=\"https:\/\/www.hausfrauen-sextreffen.com\/tirol\/\">Tirol<\/a><\/li>\n<li><a href=\"https:\/\/www.hausfrauen-sextreffen.com\/vorarlberg\/\">Vorarlberg<\/a><\/li>\n<li><a href=\"https:\/\/www.hausfrauen-sextreffen.com\/wien\/\">Wien<\/a><\/li>\n<\/ul>\n<\/div><\/div><\/div>\n<h3>Schweiz &#8211; Alle Kantone<\/h3>\n<div class=\"su-row\"><div class=\"su-column su-column-size-1-3\"><div class=\"su-column-inner su-u-clearfix su-u-trim\">\n<ul>\n<li><a href=\"https:\/\/www.hausfrauen-sextreffen.com\/aargau\/\">Aargau<\/a><\/li>\n<li><a href=\"https:\/\/www.hausfrauen-sextreffen.com\/appenzell-ausserrhoden\/\">Appenzell Ausserrhoden<\/a><\/li>\n<li><a href=\"https:\/\/www.hausfrauen-sextreffen.com\/basel-landschaft\/\">Basel-Landschaft<\/a><\/li>\n<li><a href=\"https:\/\/www.hausfrauen-sextreffen.com\/basel-stadt\/\">Basel-Stadt<\/a><\/li>\n<li><a href=\"https:\/\/www.hausfrauen-sextreffen.com\/bern\/\">Bern<\/a><\/li>\n<li><a href=\"https:\/\/www.hausfrauen-sextreffen.com\/genf\/\">Genf<\/a><\/li>\n<li><a href=\"https:\/\/www.hausfrauen-sextreffen.com\/glarus\/\">Glarus<\/a><\/li>\n<li><a href=\"https:\/\/www.hausfrauen-sextreffen.com\/graubuenden\/\">Graub\u00fcnden<\/a><\/li>\n<\/ul>\n<\/div><\/div>\n<div class=\"su-column su-column-size-1-3\"><div class=\"su-column-inner su-u-clearfix su-u-trim\">\n<ul>\n<li><a href=\"https:\/\/www.hausfrauen-sextreffen.com\/jura\/\">Jura<\/a><\/li>\n<li><a href=\"https:\/\/www.hausfrauen-sextreffen.com\/luzern\/\">Luzern<\/a><\/li>\n<li><a href=\"https:\/\/www.hausfrauen-sextreffen.com\/neuenburg\/\">Neuenburg<\/a><\/li>\n<li><a href=\"https:\/\/www.hausfrauen-sextreffen.com\/obwalden\/\">Obwalden<\/a><\/li>\n<li><a href=\"https:\/\/www.hausfrauen-sextreffen.com\/schaffhausen\/\">Schaffhausen<\/a><\/li>\n<li><a href=\"https:\/\/www.hausfrauen-sextreffen.com\/schwyz\/\">Schwyz<\/a><\/li>\n<li><a href=\"https:\/\/www.hausfrauen-sextreffen.com\/solothurn\/\">Solothurn<\/a><\/li>\n<li><a href=\"https:\/\/www.hausfrauen-sextreffen.com\/st-gallen\/\">St. Gallen<\/a><\/li>\n<\/ul>\n<\/div><\/div>\n<div class=\"su-column su-column-size-1-3\"><div class=\"su-column-inner su-u-clearfix su-u-trim\">\n<ul>\n<li><a href=\"https:\/\/www.hausfrauen-sextreffen.com\/tessin\/\">Tessin<\/a><\/li>\n<li><a href=\"https:\/\/www.hausfrauen-sextreffen.com\/thurgau\/\">Thurgau<\/a><\/li>\n<li><a href=\"https:\/\/www.hausfrauen-sextreffen.com\/waadt\/\">Waadt<\/a><\/li>\n<li><a href=\"https:\/\/www.hausfrauen-sextreffen.com\/wallis\/\">Wallis<\/a><\/li>\n<li><a href=\"https:\/\/www.hausfrauen-sextreffen.com\/zug\/\">Zug<\/a><\/li>\n<li><a href=\"https:\/\/www.hausfrauen-sextreffen.com\/zuerich\/\">Z\u00fcrich<\/a><\/li>\n<\/ul>\n<\/div><\/div><\/div>\n","protected":false},"excerpt":{"rendered":"<p>A|B|C|D|E|F|G|H|I|J|K|L|M|N|O|P|Q|R|S|T|U|V|W|X|Y|Z Deutschland &#8211; Alle Bundesl\u00e4nder \u00d6sterreich &#8211; Alle Bundesl\u00e4nder Schweiz &#8211; Alle Kantone<\/p>\n","protected":false},"author":1,"featured_media":0,"parent":0,"menu_order":0,"comment_status":"closed","ping_status":"closed","template":"","meta":{"footnotes":""},"class_list":["post-1855","page","type-page","status-publish","hentry"],"_links":{"self":[{"href":"https:\/\/www.hausfrauen-sextreffen.com\/kontaktanzeige\/wp-json\/wp\/v2\/pages\/1855","targetHints":{"allow":["GET"]}}],"collection":[{"href":"https:\/\/www.hausfrauen-sextreffen.com\/kontaktanzeige\/wp-json\/wp\/v2\/pages"}],"about":[{"href":"https:\/\/www.hausfrauen-sextreffen.com\/kontaktanzeige\/wp-json\/wp\/v2\/types\/page"}],"author":[{"embeddable":true,"href":"https:\/\/www.hausfrauen-sextreffen.com\/kontaktanzeige\/wp-json\/wp\/v2\/users\/1"}],"replies":[{"embeddable":true,"href":"https:\/\/www.hausfrauen-sextreffen.com\/kontaktanzeige\/wp-json\/wp\/v2\/comments?post=1855"}],"version-history":[{"count":1,"href":"https:\/\/www.hausfrauen-sextreffen.com\/kontaktanzeige\/wp-json\/wp\/v2\/pages\/1855\/revisions"}],"predecessor-version":[{"id":1857,"href":"https:\/\/www.hausfrauen-sextreffen.com\/kontaktanzeige\/wp-json\/wp\/v2\/pages\/1855\/revisions\/1857"}],"wp:attachment":[{"href":"https:\/\/www.hausfrauen-sextreffen.com\/kontaktanzeige\/wp-json\/wp\/v2\/media?parent=1855"}],"curies":[{"name":"wp","href":"https:\/\/api.w.org\/{rel}","templated":true}]}}