{"id":1803,"date":"2023-08-12T07:52:32","date_gmt":"2023-08-12T05:52:32","guid":{"rendered":"https:\/\/www.hausfrauen-sextreffen.com\/kontaktanzeige\/?page_id=1803"},"modified":"2023-08-12T08:25:00","modified_gmt":"2023-08-12T06:25:00","slug":"staedte-mit-c","status":"publish","type":"page","link":"https:\/\/www.hausfrauen-sextreffen.com\/kontaktanzeige\/staedte-mit-c\/","title":{"rendered":"St\u00e4dte mit C"},"content":{"rendered":"<p style=\"text-align: center;\"><strong><a href=\"https:\/\/www.hausfrauen-sextreffen.com\/kontaktanzeige\/staedte-mit-a\">A<\/a>|<a href=\"https:\/\/www.hausfrauen-sextreffen.com\/kontaktanzeige\/staedte-mit-b\">B<\/a>|<a href=\"https:\/\/www.hausfrauen-sextreffen.com\/kontaktanzeige\/staedte-mit-c\">C<\/a>|<a href=\"https:\/\/www.hausfrauen-sextreffen.com\/kontaktanzeige\/staedte-mit-d\">D<\/a>|<a href=\"https:\/\/www.hausfrauen-sextreffen.com\/kontaktanzeige\/staedte-mit-e\">E<\/a>|<a href=\"https:\/\/www.hausfrauen-sextreffen.com\/kontaktanzeige\/staedte-mit-f\">F<\/a>|<a href=\"https:\/\/www.hausfrauen-sextreffen.com\/kontaktanzeige\/staedte-mit-g\">G<\/a>|<a href=\"https:\/\/www.hausfrauen-sextreffen.com\/kontaktanzeige\/staedte-mit-h\">H<\/a>|<a href=\"https:\/\/www.hausfrauen-sextreffen.com\/kontaktanzeige\/staedte-mit-i\">I<\/a>|<a href=\"https:\/\/www.hausfrauen-sextreffen.com\/kontaktanzeige\/staedte-mit-j\">J<\/a>|<a href=\"https:\/\/www.hausfrauen-sextreffen.com\/kontaktanzeige\/staedte-mit-k\">K<\/a>|<a href=\"https:\/\/www.hausfrauen-sextreffen.com\/kontaktanzeige\/staedte-mit-l\">L<\/a>|<a href=\"https:\/\/www.hausfrauen-sextreffen.com\/kontaktanzeige\/staedte-mit-m\">M<\/a>|<a href=\"https:\/\/www.hausfrauen-sextreffen.com\/kontaktanzeige\/staedte-mit-n\">N<\/a>|<a href=\"https:\/\/www.hausfrauen-sextreffen.com\/kontaktanzeige\/staedte-mit-o\">O<\/a>|<a href=\"https:\/\/www.hausfrauen-sextreffen.com\/kontaktanzeige\/staedte-mit-p\">P<\/a>|<a href=\"https:\/\/www.hausfrauen-sextreffen.com\/kontaktanzeige\/staedte-mit-q\">Q<\/a>|<a href=\"https:\/\/www.hausfrauen-sextreffen.com\/kontaktanzeige\/staedte-mit-r\">R<\/a>|<a href=\"https:\/\/www.hausfrauen-sextreffen.com\/kontaktanzeige\/staedte-mit-s\">S<\/a>|<a href=\"https:\/\/www.hausfrauen-sextreffen.com\/kontaktanzeige\/staedte-mit-t\">T<\/a>|<a href=\"https:\/\/www.hausfrauen-sextreffen.com\/kontaktanzeige\/staedte-mit-u\">U<\/a>|<a href=\"https:\/\/www.hausfrauen-sextreffen.com\/kontaktanzeige\/staedte-mit-v\">V<\/a>|<a href=\"https:\/\/www.hausfrauen-sextreffen.com\/kontaktanzeige\/staedte-mit-w\">W<\/a>|<a href=\"https:\/\/www.hausfrauen-sextreffen.com\/kontaktanzeige\/staedte-mit-x\">X<\/a>|<a href=\"https:\/\/www.hausfrauen-sextreffen.com\/kontaktanzeige\/staedte-mit-y\">Y<\/a>|<a href=\"https:\/\/www.hausfrauen-sextreffen.com\/kontaktanzeige\/staedte-mit-z\">Z<\/a><\/strong><\/p>\n<h3>in Deutschland<\/h3>\n<div class=\"su-row\"><div class=\"su-column su-column-size-1-3\"><div class=\"su-column-inner su-u-clearfix su-u-trim\">\n<ul>\n<li><a href=\"https:\/\/www.hausfrauen-sextreffen.com\/kontaktanzeige\/caan\/\">Caan<\/a><\/li>\n<li><a href=\"https:\/\/www.hausfrauen-sextreffen.com\/kontaktanzeige\/caaschwitz\/\">Caaschwitz<\/a><\/li>\n<li><a href=\"https:\/\/www.hausfrauen-sextreffen.com\/kontaktanzeige\/cadenberge\/\">Cadenberge<\/a><\/li>\n<li><a href=\"https:\/\/www.hausfrauen-sextreffen.com\/kontaktanzeige\/cadolzburg\/\">Cadolzburg<\/a><\/li>\n<li><a href=\"https:\/\/www.hausfrauen-sextreffen.com\/kontaktanzeige\/calau\/\">Calau<\/a><\/li>\n<li><a href=\"https:\/\/www.hausfrauen-sextreffen.com\/kontaktanzeige\/calbe-saale\/\">Calbe (Saale)<\/a><\/li>\n<li><a href=\"https:\/\/www.hausfrauen-sextreffen.com\/kontaktanzeige\/calberlah\/\">Calberlah<\/a><\/li>\n<li><a href=\"https:\/\/www.hausfrauen-sextreffen.com\/kontaktanzeige\/calden-hessen\/\">Calden, Hessen<\/a><\/li>\n<li><a href=\"https:\/\/www.hausfrauen-sextreffen.com\/kontaktanzeige\/callbach\/\">Callbach<\/a><\/li>\n<li><a href=\"https:\/\/www.hausfrauen-sextreffen.com\/kontaktanzeige\/callenberg-bei-hohenstein-ernstthal\/\">Callenberg bei Hohenstein-Ernstthal<\/a><\/li>\n<li><a href=\"https:\/\/www.hausfrauen-sextreffen.com\/kontaktanzeige\/calw\/\">Calw<\/a><\/li>\n<li><a href=\"https:\/\/www.hausfrauen-sextreffen.com\/kontaktanzeige\/cambs\/\">Cambs<\/a><\/li>\n<li><a href=\"https:\/\/www.hausfrauen-sextreffen.com\/kontaktanzeige\/camburg\/\">Camburg<\/a><\/li>\n<li><a href=\"https:\/\/www.hausfrauen-sextreffen.com\/kontaktanzeige\/cammin-bei-neubrandenburg\/\">Cammin bei Neubrandenburg<\/a><\/li>\n<li><a href=\"https:\/\/www.hausfrauen-sextreffen.com\/kontaktanzeige\/cammin-bei-rostock\/\">Cammin bei Rostock<\/a><\/li>\n<li><a href=\"https:\/\/www.hausfrauen-sextreffen.com\/kontaktanzeige\/cappel-bei-bremerhaven\/\">Cappel bei Bremerhaven<\/a><\/li>\n<li><a href=\"https:\/\/www.hausfrauen-sextreffen.com\/kontaktanzeige\/cappeln-oldenburg\/\">Cappeln (Oldenburg)<\/a><\/li>\n<li><a href=\"https:\/\/www.hausfrauen-sextreffen.com\/kontaktanzeige\/carinerland\/\">Carinerland<\/a><\/li>\n<li><a href=\"https:\/\/www.hausfrauen-sextreffen.com\/kontaktanzeige\/carlow\/\">Carlow<\/a><\/li>\n<li><a href=\"https:\/\/www.hausfrauen-sextreffen.com\/kontaktanzeige\/carlsberg-pfalz\/\">Carlsberg, Pfalz<\/a><\/li>\n<li><a href=\"https:\/\/www.hausfrauen-sextreffen.com\/kontaktanzeige\/carmzow-wallmow\/\">Carmzow-Wallmow<\/a><\/li>\n<li><a href=\"https:\/\/www.hausfrauen-sextreffen.com\/kontaktanzeige\/carpin\/\">Carpin<\/a><\/li>\n<li><a href=\"https:\/\/www.hausfrauen-sextreffen.com\/kontaktanzeige\/casekirchen\/\">Casekirchen<\/a><\/li>\n<li><a href=\"https:\/\/www.hausfrauen-sextreffen.com\/kontaktanzeige\/casekow\/\">Casekow<\/a><\/li>\n<li><a href=\"https:\/\/www.hausfrauen-sextreffen.com\/kontaktanzeige\/castell-unterfranken\/\">Castell, Unterfranken<\/a><\/li>\n<li><a href=\"https:\/\/www.hausfrauen-sextreffen.com\/kontaktanzeige\/castrop-rauxel\/\">Castrop-Rauxel<\/a><\/li>\n<li><a href=\"https:\/\/www.hausfrauen-sextreffen.com\/kontaktanzeige\/cattenstedt\/\">Cattenstedt<\/a><\/li>\n<li><a href=\"https:\/\/www.hausfrauen-sextreffen.com\/kontaktanzeige\/cavertitz\/\">Cavertitz<\/a><\/li>\n<li><a href=\"https:\/\/www.hausfrauen-sextreffen.com\/kontaktanzeige\/celle\/\">Celle<\/a><\/li>\n<li><a href=\"https:\/\/www.hausfrauen-sextreffen.com\/kontaktanzeige\/cham-oberpfalz\/\">Cham, Oberpfalz<\/a><\/li>\n<li><a href=\"https:\/\/www.hausfrauen-sextreffen.com\/kontaktanzeige\/chamerau\/\">Chamerau<\/a><\/li>\n<\/ul>\n<\/div><\/div>\n<div class=\"su-column su-column-size-1-3\"><div class=\"su-column-inner su-u-clearfix su-u-trim\">\n<ul>\n<li><a href=\"https:\/\/www.hausfrauen-sextreffen.com\/kontaktanzeige\/charlottenberg-bei-holzappel-rhein-lahn-kreis\/\">Charlottenberg bei Holzappel, Rhein-Lahn-Kreis<\/a><\/li>\n<li><a href=\"https:\/\/www.hausfrauen-sextreffen.com\/kontaktanzeige\/chemnitz-sachsen\/\">Chemnitz, Sachsen<\/a><\/li>\n<li><a href=\"https:\/\/www.hausfrauen-sextreffen.com\/kontaktanzeige\/chieming\/\">Chieming<\/a><\/li>\n<li><a href=\"https:\/\/www.hausfrauen-sextreffen.com\/kontaktanzeige\/chiemsee\/\">Chiemsee<\/a><\/li>\n<li><a href=\"https:\/\/www.hausfrauen-sextreffen.com\/kontaktanzeige\/chorin\/\">Chorin<\/a><\/li>\n<li><a href=\"https:\/\/www.hausfrauen-sextreffen.com\/kontaktanzeige\/christes\/\">Christes<\/a><\/li>\n<li><a href=\"https:\/\/www.hausfrauen-sextreffen.com\/kontaktanzeige\/christiansholm\/\">Christiansholm<\/a><\/li>\n<li><a href=\"https:\/\/www.hausfrauen-sextreffen.com\/kontaktanzeige\/christinenthal-holstein\/\">Christinenthal, Holstein<\/a><\/li>\n<li><a href=\"https:\/\/www.hausfrauen-sextreffen.com\/kontaktanzeige\/chueden\/\">Ch\u00fcden<\/a><\/li>\n<li><a href=\"https:\/\/www.hausfrauen-sextreffen.com\/kontaktanzeige\/chursdorf-bei-schleiz\/\">Chursdorf bei Schleiz<\/a><\/li>\n<li><a href=\"https:\/\/www.hausfrauen-sextreffen.com\/kontaktanzeige\/clausen-kreis-pirmasens\/\">Clausen, Kreis Pirmasens<\/a><\/li>\n<li><a href=\"https:\/\/www.hausfrauen-sextreffen.com\/kontaktanzeige\/claussnitz-bei-chemnitz\/\">Clau\u00dfnitz bei Chemnitz<\/a><\/li>\n<li><a href=\"https:\/\/www.hausfrauen-sextreffen.com\/kontaktanzeige\/clausthal-zellerfeld\/\">Clausthal-Zellerfeld<\/a><\/li>\n<li><a href=\"https:\/\/www.hausfrauen-sextreffen.com\/kontaktanzeige\/cleebronn\/\">Cleebronn<\/a><\/li>\n<li><a href=\"https:\/\/www.hausfrauen-sextreffen.com\/kontaktanzeige\/clenze\/\">Clenze<\/a><\/li>\n<li><a href=\"https:\/\/www.hausfrauen-sextreffen.com\/kontaktanzeige\/clingen\/\">Clingen<\/a><\/li>\n<li><a href=\"https:\/\/www.hausfrauen-sextreffen.com\/kontaktanzeige\/cloppenburg\/\">Cloppenburg<\/a><\/li>\n<li><a href=\"https:\/\/www.hausfrauen-sextreffen.com\/kontaktanzeige\/cobbel\/\">Cobbel<\/a><\/li>\n<li><a href=\"https:\/\/www.hausfrauen-sextreffen.com\/kontaktanzeige\/coburg\/\">Coburg<\/a><\/li>\n<li><a href=\"https:\/\/www.hausfrauen-sextreffen.com\/kontaktanzeige\/cochem\/\">Cochem<\/a><\/li>\n<li><a href=\"https:\/\/www.hausfrauen-sextreffen.com\/kontaktanzeige\/coesfeld\/\">Coesfeld<\/a><\/li>\n<li><a href=\"https:\/\/www.hausfrauen-sextreffen.com\/kontaktanzeige\/coelbe\/\">C\u00f6lbe<\/a><\/li>\n<li><a href=\"https:\/\/www.hausfrauen-sextreffen.com\/kontaktanzeige\/colbitz\/\">Colbitz<\/a><\/li>\n<li><a href=\"https:\/\/www.hausfrauen-sextreffen.com\/kontaktanzeige\/colditz\/\">Colditz<\/a><\/li>\n<li><a href=\"https:\/\/www.hausfrauen-sextreffen.com\/kontaktanzeige\/collenberg\/\">Collenberg<\/a><\/li>\n<li><a href=\"https:\/\/www.hausfrauen-sextreffen.com\/kontaktanzeige\/colmberg\/\">Colmberg<\/a><\/li>\n<li><a href=\"https:\/\/www.hausfrauen-sextreffen.com\/kontaktanzeige\/colnrade\/\">Colnrade<\/a><\/li>\n<li><a href=\"https:\/\/www.hausfrauen-sextreffen.com\/kontaktanzeige\/coelpin\/\">C\u00f6lpin<\/a><\/li>\n<li><a href=\"https:\/\/www.hausfrauen-sextreffen.com\/kontaktanzeige\/contwig\/\">Contwig<\/a><\/li>\n<li><a href=\"https:\/\/www.hausfrauen-sextreffen.com\/kontaktanzeige\/coppenbruegge\/\">Coppenbr\u00fcgge<\/a><\/li>\n<li><a href=\"https:\/\/www.hausfrauen-sextreffen.com\/kontaktanzeige\/coppengrave\/\">Coppengrave<\/a><\/li>\n<\/ul>\n<\/div><\/div>\n<div class=\"su-column su-column-size-1-3\"><div class=\"su-column-inner su-u-clearfix su-u-trim\">\n<ul>\n<li><a href=\"https:\/\/www.hausfrauen-sextreffen.com\/kontaktanzeige\/coermigk\/\">C\u00f6rmigk<\/a><\/li>\n<li><a href=\"https:\/\/www.hausfrauen-sextreffen.com\/kontaktanzeige\/cornberg\/\">Cornberg<\/a><\/li>\n<li><a href=\"https:\/\/www.hausfrauen-sextreffen.com\/kontaktanzeige\/coswig-anhalt\/\">Coswig (Anhalt)<\/a><\/li>\n<li><a href=\"https:\/\/www.hausfrauen-sextreffen.com\/kontaktanzeige\/coswig-bei-dresden\/\">Coswig bei Dresden<\/a><\/li>\n<li><a href=\"https:\/\/www.hausfrauen-sextreffen.com\/kontaktanzeige\/cottbus\/\">Cottbus<\/a><\/li>\n<li><a href=\"https:\/\/www.hausfrauen-sextreffen.com\/kontaktanzeige\/crailsheim\/\">Crailsheim<\/a><\/li>\n<li><a href=\"https:\/\/www.hausfrauen-sextreffen.com\/kontaktanzeige\/cramberg\/\">Cramberg<\/a><\/li>\n<li><a href=\"https:\/\/www.hausfrauen-sextreffen.com\/kontaktanzeige\/cramme\/\">Cramme<\/a><\/li>\n<li><a href=\"https:\/\/www.hausfrauen-sextreffen.com\/kontaktanzeige\/cramonshagen\/\">Cramonshagen<\/a><\/li>\n<li><a href=\"https:\/\/www.hausfrauen-sextreffen.com\/kontaktanzeige\/crawinkel\/\">Crawinkel<\/a><\/li>\n<li><a href=\"https:\/\/www.hausfrauen-sextreffen.com\/kontaktanzeige\/creglingen\/\">Creglingen<\/a><\/li>\n<li><a href=\"https:\/\/www.hausfrauen-sextreffen.com\/kontaktanzeige\/cremlingen\/\">Cremlingen<\/a><\/li>\n<li><a href=\"https:\/\/www.hausfrauen-sextreffen.com\/kontaktanzeige\/creussen\/\">Creu\u00dfen<\/a><\/li>\n<li><a href=\"https:\/\/www.hausfrauen-sextreffen.com\/kontaktanzeige\/creuzburg\/\">Creuzburg<\/a><\/li>\n<li><a href=\"https:\/\/www.hausfrauen-sextreffen.com\/kontaktanzeige\/crimla\/\">Crimla<\/a><\/li>\n<li><a href=\"https:\/\/www.hausfrauen-sextreffen.com\/kontaktanzeige\/crimmitschau\/\">Crimmitschau<\/a><\/li>\n<li><a href=\"https:\/\/www.hausfrauen-sextreffen.com\/kontaktanzeige\/crinitz\/\">Crinitz<\/a><\/li>\n<li><a href=\"https:\/\/www.hausfrauen-sextreffen.com\/kontaktanzeige\/crinitzberg\/\">Crinitzberg<\/a><\/li>\n<li><a href=\"https:\/\/www.hausfrauen-sextreffen.com\/kontaktanzeige\/crispendorf\/\">Crispendorf<\/a><\/li>\n<li><a href=\"https:\/\/www.hausfrauen-sextreffen.com\/kontaktanzeige\/crivitz\/\">Crivitz<\/a><\/li>\n<li><a href=\"https:\/\/www.hausfrauen-sextreffen.com\/kontaktanzeige\/croechern\/\">Cr\u00f6chern<\/a><\/li>\n<li><a href=\"https:\/\/www.hausfrauen-sextreffen.com\/kontaktanzeige\/croelpa-loebschuetz\/\">Cr\u00f6lpa-L\u00f6bsch\u00fctz<\/a><\/li>\n<li><a href=\"https:\/\/www.hausfrauen-sextreffen.com\/kontaktanzeige\/cronenberg-bei-lauterecken\/\">Cronenberg bei Lauterecken<\/a><\/li>\n<li><a href=\"https:\/\/www.hausfrauen-sextreffen.com\/kontaktanzeige\/crossen-an-der-elster\/\">Crossen an der Elster<\/a><\/li>\n<li><a href=\"https:\/\/www.hausfrauen-sextreffen.com\/kontaktanzeige\/crostau\/\">Crostau<\/a><\/li>\n<li><a href=\"https:\/\/www.hausfrauen-sextreffen.com\/kontaktanzeige\/crostwitz\/\">Crostwitz<\/a><\/li>\n<li><a href=\"https:\/\/www.hausfrauen-sextreffen.com\/kontaktanzeige\/crottendorf-erzgebirge\/\">Crottendorf, Erzgebirge<\/a><\/li>\n<li><a href=\"https:\/\/www.hausfrauen-sextreffen.com\/kontaktanzeige\/cumlosen\/\">Cumlosen<\/a><\/li>\n<li><a href=\"https:\/\/www.hausfrauen-sextreffen.com\/kontaktanzeige\/cunewalde\/\">Cunewalde<\/a><\/li>\n<li><a href=\"https:\/\/www.hausfrauen-sextreffen.com\/kontaktanzeige\/cursdorf\/\">Cursdorf<\/a><\/li>\n<li><a href=\"https:\/\/www.hausfrauen-sextreffen.com\/kontaktanzeige\/cuxhaven\/\">Cuxhaven<\/a><\/li>\n<\/ul>\n<\/div><\/div><\/div>\n<h3>in der Schweiz<\/h3>\n<div class=\"su-row\"><div class=\"su-column su-column-size-1-3\"><div class=\"su-column-inner su-u-clearfix su-u-trim\">\n<ul>\n<li><a href=\"https:\/\/www.hausfrauen-sextreffen.com\/kontaktanzeige\/carouge\/\">Carouge<\/a><\/li>\n<li><a href=\"https:\/\/www.hausfrauen-sextreffen.com\/kontaktanzeige\/cham\/\">Cham<\/a><\/li>\n<\/ul>\n<\/div><\/div>\n<div class=\"su-column su-column-size-1-3\"><div class=\"su-column-inner su-u-clearfix su-u-trim\">\n<ul>\n<li><a href=\"https:\/\/www.hausfrauen-sextreffen.com\/kontaktanzeige\/chene-bougeries\/\">Ch\u00eane-Bougeries<\/a><\/li>\n<\/ul>\n<\/div><\/div>\n<div class=\"su-column su-column-size-1-3\"><div class=\"su-column-inner su-u-clearfix su-u-trim\">\n<ul>\n<li><a href=\"https:\/\/www.hausfrauen-sextreffen.com\/kontaktanzeige\/chur\/\">Chur<\/a><\/li>\n<\/ul>\n<\/div><\/div><\/div>\n","protected":false},"excerpt":{"rendered":"<p>A|B|C|D|E|F|G|H|I|J|K|L|M|N|O|P|Q|R|S|T|U|V|W|X|Y|Z in Deutschland in der Schweiz<\/p>\n","protected":false},"author":1,"featured_media":0,"parent":0,"menu_order":0,"comment_status":"closed","ping_status":"closed","template":"","meta":{"footnotes":""},"class_list":["post-1803","page","type-page","status-publish","hentry"],"_links":{"self":[{"href":"https:\/\/www.hausfrauen-sextreffen.com\/kontaktanzeige\/wp-json\/wp\/v2\/pages\/1803","targetHints":{"allow":["GET"]}}],"collection":[{"href":"https:\/\/www.hausfrauen-sextreffen.com\/kontaktanzeige\/wp-json\/wp\/v2\/pages"}],"about":[{"href":"https:\/\/www.hausfrauen-sextreffen.com\/kontaktanzeige\/wp-json\/wp\/v2\/types\/page"}],"author":[{"embeddable":true,"href":"https:\/\/www.hausfrauen-sextreffen.com\/kontaktanzeige\/wp-json\/wp\/v2\/users\/1"}],"replies":[{"embeddable":true,"href":"https:\/\/www.hausfrauen-sextreffen.com\/kontaktanzeige\/wp-json\/wp\/v2\/comments?post=1803"}],"version-history":[{"count":2,"href":"https:\/\/www.hausfrauen-sextreffen.com\/kontaktanzeige\/wp-json\/wp\/v2\/pages\/1803\/revisions"}],"predecessor-version":[{"id":1888,"href":"https:\/\/www.hausfrauen-sextreffen.com\/kontaktanzeige\/wp-json\/wp\/v2\/pages\/1803\/revisions\/1888"}],"wp:attachment":[{"href":"https:\/\/www.hausfrauen-sextreffen.com\/kontaktanzeige\/wp-json\/wp\/v2\/media?parent=1803"}],"curies":[{"name":"wp","href":"https:\/\/api.w.org\/{rel}","templated":true}]}}